{"id":54,"date":"2018-06-04T10:36:09","date_gmt":"2018-06-04T10:36:09","guid":{"rendered":"http:\/\/bancas.ase.ro\/?page_id=54"},"modified":"2026-04-27T11:41:31","modified_gmt":"2026-04-27T11:41:31","slug":"practica","status":"publish","type":"page","link":"http:\/\/bancas.ase.ro\/index.php\/practica\/","title":{"rendered":"Practica"},"content":{"rendered":"<p>Consult\u0103 \u00een mod constant site-ul FABBV pentru a fi la curent cu cele mai recente oferte de internship \u0219i propuneri de practic\u0103.<\/p>\n<ul>\n<li><span style=\"color: #3366ff;\"><a style=\"color: #3366ff;\" href=\"http:\/\/www.fabbv.ase.ro\/practica\">Practica, internship si locuri de munca<\/a><\/span><\/li>\n<\/ul>\n<p>Pe parcursul anului universitar 2024 &#8211; 2025 a fost inaugurat <em><strong>Programul Practic\u0103 de Excelen\u021b\u0103,<\/strong><\/em> care se adreseaz\u0103 studen\u021bilor de top din cadrul programului de licen\u021b\u0103 al FABBV \u0219i al programului de masterat BANCAS, cu realiz\u0103ri academice notabile, care \u00ee\u0219i propun s\u0103 \u00ee\u0219i dezvolte abilit\u0103\u021bile \u00eentr-un mediu profesional de \u00eenalt\u0103 performan\u021b\u0103.<\/p>\n<p><strong>Programul <\/strong>este o oportunitate excelent\u0103 pentru a acumula experien\u021b\u0103 practic\u0103, pentru a face <strong>primul pas c\u0103tre o carier\u0103 \u00een sectorul financiar-bancar<\/strong>, dar \u0219i pentru a \u00eendeplinii cerin\u021bele disciplinei <em>Practic\u0103 de specialitate<\/em>.<\/p>\n","protected":false},"excerpt":{"rendered":"<div class=\"mh-excerpt\"><p>Consult\u0103 \u00een mod constant site-ul FABBV pentru a fi la curent cu cele mai recente oferte de internship \u0219i propuneri de practic\u0103. Practica, internship si <a class=\"mh-excerpt-more\" href=\"http:\/\/bancas.ase.ro\/index.php\/practica\/\" title=\"Practica\">[&#8230;]<\/a><\/p>\n<\/div>","protected":false},"author":1,"featured_media":0,"parent":0,"menu_order":0,"comment_status":"closed","ping_status":"closed","template":"","meta":{"footnotes":""},"class_list":["post-54","page","type-page","status-publish","hentry"],"_links":{"self":[{"href":"http:\/\/bancas.ase.ro\/index.php\/wp-json\/wp\/v2\/pages\/54","targetHints":{"allow":["GET"]}}],"collection":[{"href":"http:\/\/bancas.ase.ro\/index.php\/wp-json\/wp\/v2\/pages"}],"about":[{"href":"http:\/\/bancas.ase.ro\/index.php\/wp-json\/wp\/v2\/types\/page"}],"author":[{"embeddable":true,"href":"http:\/\/bancas.ase.ro\/index.php\/wp-json\/wp\/v2\/users\/1"}],"replies":[{"embeddable":true,"href":"http:\/\/bancas.ase.ro\/index.php\/wp-json\/wp\/v2\/comments?post=54"}],"version-history":[{"count":5,"href":"http:\/\/bancas.ase.ro\/index.php\/wp-json\/wp\/v2\/pages\/54\/revisions"}],"predecessor-version":[{"id":503,"href":"http:\/\/bancas.ase.ro\/index.php\/wp-json\/wp\/v2\/pages\/54\/revisions\/503"}],"wp:attachment":[{"href":"http:\/\/bancas.ase.ro\/index.php\/wp-json\/wp\/v2\/media?parent=54"}],"curies":[{"name":"wp","href":"https:\/\/api.w.org\/{rel}","templated":true}]}}