{"id":52,"date":"2018-06-04T10:35:51","date_gmt":"2018-06-04T10:35:51","guid":{"rendered":"http:\/\/bancas.ase.ro\/?page_id=52"},"modified":"2025-06-04T14:29:45","modified_gmt":"2025-06-04T14:29:45","slug":"admitere","status":"publish","type":"page","link":"http:\/\/bancas.ase.ro\/index.php\/admitere\/","title":{"rendered":"Admitere 2025"},"content":{"rendered":"\n<p>\u00censcrierile pentru programul de masterat B\u0103nci centrale \u0219i institu\u021bii financiare \u2013 BANCAS se realizeaz\u0103 \u00een perioada<em><strong> 17 &#8211; 21 iulie 2025<\/strong><\/em>.<\/p>\n\n\n\n<p>Admiterea la programele de masterat se face prin\u00a0<strong>concurs<\/strong>, candida\u021bii fiind ierarhiza\u021bi \u00een func\u021bie de media de admitere, calculat\u0103 ca medie ponderat\u0103 \u00eentre:<\/p>\n\n\n\n<ul>\n<li>rezultatele la\u00a0<strong>proba de specialitate \u2013 40%<\/strong>;<\/li>\n<li>media\u00a0<strong>examenului de finalizare a studiilor universitare de licen\u021b\u0103 \u2013 60%<\/strong>.<\/li>\n<\/ul>\n\n\n\n<p>Detalii despre dosarul de \u00eenscriere g\u0103si\u021bi <a href=\"https:\/\/admitere.ase.ro\/masterat-2025\/info-admitere\/Dosar_inscriere_masterat_2025.pdf\">aici<\/a>.\u00a0<\/p>\n<p>Regulamentul pentru \u00eenscriere \u00eel g\u0103si\u021bi <a href=\"https:\/\/senat.ase.ro\/wp-content\/uploads\/2025\/20250514\/Hot.Senat%20nr.%2089%20din%2014.05.2025_Mod.Reg.admitere%20masterat.pdf#page=2\">aici<\/a>.<\/p>\n<p>Oferta educa\u021bional\u0103 o g\u0103si\u021bi <a href=\"https:\/\/admitere.ase.ro\/masterat-2025\/info-admitere\/Oferta_scolarizare_masterat.pdf\">aici<\/a>.<\/p>\n<p>Graficul admiterii \u00eel g\u0103si\u021bi <a href=\"https:\/\/admitere.ase.ro\/masterat-2025\/info-admitere\/Grafic_admitere_masterat.pdf\">aici<\/a>.<\/p>\n<p>Detalii despre tematica \u0219i bibliografia de r\u0103spuns g\u0103si\u021bi <a href=\"https:\/\/senat.ase.ro\/wp-content\/uploads\/2025\/20250514\/Hot.Senat%20nr.%2089%20din%2014.05.2025_Mod.Reg.admitere%20masterat.pdf#page=23\">aici<\/a>.\u00a0<\/p>\n<p>Subiectele de admitere din ani anteriori le g\u0103si\u021bi <a href=\"https:\/\/mefc.ase.ro\/subiecte-admitere-programe-de-masterat\/\">aici<\/a>.\u00a0<\/p>\n<p>Pentru \u00eentreb\u0103ri frecvente pute\u021bi consulta website-ul <a href=\"https:\/\/ase.ro\/admitere\/masterat\/intrebari-frecvente\/\">ASE<\/a>.<\/p>\n<p>\u00a0<\/p>\n\n\n\n<p>Pentru mai multe informa\u021bii cu privire la admiterea la programele de masterat din ASE pute\u021bi consulta website-ul de mai jos:\u00a0<\/p>\n\n\n\n<figure class=\"wp-block-image size-large\"><a href=\"https:\/\/ase.ro\/admitere\/masterat\/\"><img loading=\"lazy\" decoding=\"async\" width=\"1024\" height=\"746\" src=\"http:\/\/bancas.ase.ro\/wp-content\/uploads\/2025\/03\/adm-2025-1024x746.jpg\" alt=\"\" class=\"wp-image-291\" srcset=\"http:\/\/bancas.ase.ro\/wp-content\/uploads\/2025\/03\/adm-2025-1024x746.jpg 1024w, http:\/\/bancas.ase.ro\/wp-content\/uploads\/2025\/03\/adm-2025-300x218.jpg 300w, http:\/\/bancas.ase.ro\/wp-content\/uploads\/2025\/03\/adm-2025-768x559.jpg 768w, http:\/\/bancas.ase.ro\/wp-content\/uploads\/2025\/03\/adm-2025-1536x1118.jpg 1536w, http:\/\/bancas.ase.ro\/wp-content\/uploads\/2025\/03\/adm-2025.jpg 2016w\" sizes=\"auto, (max-width: 1024px) 100vw, 1024px\" \/><\/a><\/figure>\n\n\n\n<p><\/p>\n\n\n\n<p><\/p>\n\n\n\n\n","protected":false},"excerpt":{"rendered":"<div class=\"mh-excerpt\"><p>\u00censcrierile pentru programul de masterat B\u0103nci centrale \u0219i institu\u021bii financiare \u2013 BANCAS se realizeaz\u0103 \u00een perioada 17 &#8211; 21 iulie 2025. Admiterea la programele de <a class=\"mh-excerpt-more\" href=\"http:\/\/bancas.ase.ro\/index.php\/admitere\/\" title=\"Admitere 2025\">[&#8230;]<\/a><\/p>\n<\/div>","protected":false},"author":1,"featured_media":0,"parent":0,"menu_order":0,"comment_status":"closed","ping_status":"closed","template":"template-full.php","meta":{"footnotes":""},"class_list":["post-52","page","type-page","status-publish","hentry"],"_links":{"self":[{"href":"http:\/\/bancas.ase.ro\/index.php\/wp-json\/wp\/v2\/pages\/52","targetHints":{"allow":["GET"]}}],"collection":[{"href":"http:\/\/bancas.ase.ro\/index.php\/wp-json\/wp\/v2\/pages"}],"about":[{"href":"http:\/\/bancas.ase.ro\/index.php\/wp-json\/wp\/v2\/types\/page"}],"author":[{"embeddable":true,"href":"http:\/\/bancas.ase.ro\/index.php\/wp-json\/wp\/v2\/users\/1"}],"replies":[{"embeddable":true,"href":"http:\/\/bancas.ase.ro\/index.php\/wp-json\/wp\/v2\/comments?post=52"}],"version-history":[{"count":46,"href":"http:\/\/bancas.ase.ro\/index.php\/wp-json\/wp\/v2\/pages\/52\/revisions"}],"predecessor-version":[{"id":368,"href":"http:\/\/bancas.ase.ro\/index.php\/wp-json\/wp\/v2\/pages\/52\/revisions\/368"}],"wp:attachment":[{"href":"http:\/\/bancas.ase.ro\/index.php\/wp-json\/wp\/v2\/media?parent=52"}],"curies":[{"name":"wp","href":"https:\/\/api.w.org\/{rel}","templated":true}]}}