{"id":506,"date":"2026-04-27T11:43:51","date_gmt":"2026-04-27T11:43:51","guid":{"rendered":"https:\/\/bancas.ase.ro\/?page_id=506"},"modified":"2026-04-27T13:23:50","modified_gmt":"2026-04-27T13:23:50","slug":"resurse-utile","status":"publish","type":"page","link":"http:\/\/bancas.ase.ro\/index.php\/resurse-utile\/","title":{"rendered":"Resurse utile"},"content":{"rendered":"\n<p><a href=\"https:\/\/www.curteaveche.ro\/p\/stabilitatea-financiara-si-politica-macroprudentiala\"><strong>Stabilitatea financiar\u0103 \u0219i politica macropruden\u021bial\u0103<\/strong><\/a><\/p>\n<p data-start=\"71\" data-end=\"295\">O lucrare important\u0103 din biblioteca BANCAS este volumul <em data-start=\"109\" data-end=\"165\">\u201eStabilitatea financiar\u0103 \u0219i politica macropruden\u021bial\u0103\u201d<\/em>, semnat de <span class=\"hover:entity-accent entity-underline inline cursor-pointer align-baseline\"><span class=\"whitespace-normal\">Florian Neagu<\/span><\/span>, <span class=\"hover:entity-accent entity-underline inline cursor-pointer align-baseline\"><span class=\"whitespace-normal\">Matei Kubinschi<\/span><\/span> \u0219i <span class=\"hover:entity-accent entity-underline inline cursor-pointer align-baseline\"><span class=\"whitespace-normal\">Alexie Alupoaiei<\/span><\/span>. Cei trei autori sunt cadre didactice ale programului de masterat BANCAS.\u00a0<\/p>\n<p data-start=\"297\" data-end=\"701\">Dup\u0103 criza financiar\u0103 din 2008, ideea c\u0103 stabilitatea pre\u021burilor este suficient\u0103 pentru a asigura stabilitatea \u00eentregului sistem economic a fost pus\u0103 sub semnul \u00eentreb\u0103rii. Lucrarea surprinde aceast\u0103 schimbare de paradigm\u0103 \u0219i introduce cititorul \u00een universul politicilor macropruden\u021biale, explic\u00e2nd pe \u00een\u021belesul tuturor de ce stabilitatea financiar\u0103 \u021bine de \u00eentregul ecosistem economico-financiar, nu doar de b\u0103nci.<\/p>\n<p data-start=\"978\" data-end=\"1234\" data-is-last-node=\"\" data-is-only-node=\"\">Volumul se adreseaz\u0103 studen\u021bilor, cadrelor didactice \u0219i profesioni\u0219tilor din domeniul financiar, fiind un punct de plecare excelent pentru \u00een\u021belegerea unui subiect tot mai important \u00eentr-o lume caracterizat\u0103 de schimb\u0103ri rapide \u0219i interdependen\u021be complexe.<\/p>\n<p data-start=\"978\" data-end=\"1234\" data-is-last-node=\"\" data-is-only-node=\"\"><a href=\"https:\/\/bancas.ase.ro\/index.php\/resurse-utile\/image-2\/\" rel=\"attachment wp-att-515\"><img loading=\"lazy\" decoding=\"async\" class=\"alignnone size-medium wp-image-515\" src=\"http:\/\/bancas.ase.ro\/wp-content\/uploads\/2026\/04\/image-203x300.png\" alt=\"\" width=\"203\" height=\"300\" srcset=\"http:\/\/bancas.ase.ro\/wp-content\/uploads\/2026\/04\/image-203x300.png 203w, http:\/\/bancas.ase.ro\/wp-content\/uploads\/2026\/04\/image.png 459w\" sizes=\"auto, (max-width: 203px) 100vw, 203px\" \/><\/a><\/p>\n<p data-start=\"978\" data-end=\"1234\" data-is-last-node=\"\" data-is-only-node=\"\">\u00a0<\/p>\n<p class=\"product__title\"><a href=\"https:\/\/editura.ase.ro\/Modelarea-cerintelor-de-capital-si-provizioane-Editie-revizuita\/\"><strong>Modelarea cerintelor de capital si provizioane<\/strong><\/a><\/p>\n<p data-start=\"48\" data-end=\"408\">O alt\u0103 lucrare important\u0103 din biblioteca BANCAS este volumul<em data-start=\"86\" data-end=\"136\"> \u201eModelarea cerin\u021belor de capital \u0219i provizioane\u201d<\/em>, realizat de <span class=\"hover:entity-accent entity-underline inline cursor-pointer align-baseline\"><span class=\"whitespace-normal\">Florian Neagu<\/span><\/span> al\u0103turi de <span class=\"hover:entity-accent entity-underline inline cursor-pointer align-baseline\"><span class=\"whitespace-normal\">Irina Mihai<\/span><\/span>, <span class=\"hover:entity-accent entity-underline inline cursor-pointer align-baseline\"><span class=\"whitespace-normal\">Matei Kubinschi<\/span><\/span>, <span class=\"hover:entity-accent entity-underline inline cursor-pointer align-baseline\"><span class=\"whitespace-normal\">Alexie Alupoaiei<\/span><\/span>, <span class=\"hover:entity-accent entity-underline inline cursor-pointer align-baseline\"><span class=\"whitespace-normal\">Luminita Tatarici<\/span><\/span> \u0219i <span class=\"hover:entity-accent entity-underline inline cursor-pointer align-baseline\"><span class=\"whitespace-normal\">Stefan Racovita<\/span><\/span>. O parte dintre autori sunt cadre didactice ale programului de masterat BANCAS.<\/p>\n<p data-start=\"410\" data-end=\"760\">Lucrarea ofer\u0103 o imagine actual\u0103 asupra modului \u00een care sunt stabilite cerin\u021bele de capital \u0219i provizioanele \u00een sectorul bancar, at\u00e2t la nivel interna\u021bional, c\u00e2t \u0219i \u00een Rom\u00e2nia. Sunt explicate, \u00eentr-un mod accesibil, concepte esen\u021biale precum recomand\u0103rile Basel, standardele IFRS 9 \u0219i cadrul de reglementare european \u0219i na\u021bional.<\/p>\n<p data-start=\"1127\" data-end=\"1529\" data-is-last-node=\"\" data-is-only-node=\"\">Volumul se adreseaz\u0103 studen\u021bilor, profesioni\u0219tilor din sectorul bancar implica\u021bi \u00een calculul cerin\u021belor de capital \u0219i provizioanelor, dar \u0219i speciali\u0219tilor din banca central\u0103 care lucreaz\u0103 \u00een zona de supraveghere \u0219i validare a modelelor. Este, astfel, un punct de plecare excelent pentru \u00een\u021belegerea unui domeniu esen\u021bial \u00een arhitectura sistemului financiar.<\/p>\n<p><a href=\"https:\/\/bancas.ase.ro\/index.php\/resurse-utile\/carte-md\/\" rel=\"attachment wp-att-516\"><img loading=\"lazy\" decoding=\"async\" class=\"alignnone size-medium wp-image-516\" src=\"http:\/\/bancas.ase.ro\/wp-content\/uploads\/2026\/04\/Carte-MD-207x300.png\" alt=\"\" width=\"207\" height=\"300\" srcset=\"http:\/\/bancas.ase.ro\/wp-content\/uploads\/2026\/04\/Carte-MD-207x300.png 207w, http:\/\/bancas.ase.ro\/wp-content\/uploads\/2026\/04\/Carte-MD.png 453w\" sizes=\"auto, (max-width: 207px) 100vw, 207px\" \/><\/a><\/p>\n<p data-start=\"1127\" data-end=\"1529\" data-is-last-node=\"\" data-is-only-node=\"\">\u00a0<\/p>\n<p data-start=\"1127\" data-end=\"1529\" data-is-last-node=\"\" data-is-only-node=\"\">\u00a0<\/p>\n<p data-start=\"1127\" data-end=\"1529\" data-is-last-node=\"\" data-is-only-node=\"\"><a href=\"https:\/\/www.librarie.net\/p\/514045\/banking-7-piloni-fundamentali-pentru-afacerile-bancare\"><strong>Banking. 7 piloni fundamentali pentru afacerile bancare<\/strong><\/a><\/p>\n<p data-start=\"82\" data-end=\"229\">Biblioteca BANCAS se \u00eembog\u0103\u021be\u0219te cu un nou volum<em data-start=\"120\" data-end=\"179\"> \u201eBanking. 7 piloni fundamentali pentru afacerile bancare\u201d<\/em>, semnat de <span class=\"hover:entity-accent entity-underline inline cursor-pointer align-baseline\"><span class=\"whitespace-normal\">Dan Costin Ni\u021bescu, cadru didactic al programului nostru de masterat<\/span><\/span>.<\/p>\n<p data-start=\"231\" data-end=\"574\">Lucrarea ofer\u0103 o perspectiv\u0103 modern\u0103 asupra domeniului bancar, pun\u00e2nd accent pe rolul complex pe care b\u0103ncile \u00eel au \u00een economia actual\u0103. Autorul propune o abordare integrat\u0103, \u00een care guvernan\u021ba, managementul riscurilor, rela\u021bia cu clien\u021bii \u0219i dezvoltarea produselor \u0219i serviciilor sunt analizate \u00eempreun\u0103, ca parte a unui sistem interconectat.<\/p>\n<p data-start=\"905\" data-end=\"1145\" data-is-last-node=\"\" data-is-only-node=\"\">Volumul se adreseaz\u0103 studen\u021bilor, cadrelor didactice \u0219i profesioni\u0219tilor din domeniul financiar, fiind o resurs\u0103 valoroas\u0103 pentru to\u021bi cei care vor s\u0103 \u00een\u021beleag\u0103 mai bine cum func\u021bioneaz\u0103 bankingul contemporan \u0219i \u00eencotro se \u00eendreapt\u0103 acesta.<\/p>\n<p><a href=\"https:\/\/bancas.ase.ro\/index.php\/resurse-utile\/photo-2026-04-27-10-44-34-1_1\/\" rel=\"attachment wp-att-512\"><img loading=\"lazy\" decoding=\"async\" class=\"alignnone size-medium wp-image-512\" src=\"http:\/\/bancas.ase.ro\/wp-content\/uploads\/2026\/04\/PHOTO-2026-04-27-10-44-34-1_1-213x300.jpg\" alt=\"\" width=\"213\" height=\"300\" srcset=\"http:\/\/bancas.ase.ro\/wp-content\/uploads\/2026\/04\/PHOTO-2026-04-27-10-44-34-1_1-213x300.jpg 213w, http:\/\/bancas.ase.ro\/wp-content\/uploads\/2026\/04\/PHOTO-2026-04-27-10-44-34-1_1.jpg 646w\" sizes=\"auto, (max-width: 213px) 100vw, 213px\" \/><\/a><\/p>\n<p data-start=\"905\" data-end=\"1145\" data-is-last-node=\"\" data-is-only-node=\"\">\u00a0<\/p>\n<p data-start=\"905\" data-end=\"1145\" data-is-last-node=\"\" data-is-only-node=\"\">\u00a0<\/p>\n<p data-start=\"1127\" data-end=\"1529\" data-is-last-node=\"\" data-is-only-node=\"\"><a href=\"https:\/\/www.edecon.ro\/carte\/1717\/rezolutia-bancara-elemente-de-teorie-si-practica_ana-maria-minescu\/\"><strong>Rezolu\u021bia bancar\u0103. Elemente de teorie \u0219i practic\u0103<\/strong><\/a><\/p>\n<p data-start=\"1127\" data-end=\"1529\" data-is-last-node=\"\" data-is-only-node=\"\">Anun\u021b\u0103m cu bucurie apari\u021bia volumului \u201eRezolu\u021bia Bancar\u0103 \u2013 Elemente de Teorie \u0219i Practic\u0103\u201d, semnat de dr. Ana-Maria Minescu, \u0219ef serviciu \u00een cadrul Direc\u021biei Rezolu\u021bie bancar\u0103 din BNR \u0219i cadru didactic asociat al programului nostru de masterat.<br \/><br \/>Rezolu\u021bia bancar\u0103 este unul dintre cele mai recente, dar \u0219i cele mai complexe domenii din sfera financiar\u0103. Lucrarea ofer\u0103 o incursiune clar\u0103 \u0219i bine documentat\u0103, \u00eembin\u00e2nd fundamentele teoretice cu exemple practice \u0219i studii de caz relevante.<br \/><br \/>Cartea se adreseaz\u0103 studen\u021bilor, cadrelor didactice \u0219i profesioni\u0219tilor din domeniu, constituind un punct de plecare solid pentru \u00een\u021belegerea mecanismelor rezolu\u021biei bancare.<\/p>\n<p data-start=\"1127\" data-end=\"1529\" data-is-last-node=\"\" data-is-only-node=\"\">\u00a0<\/p>\n<p data-start=\"1127\" data-end=\"1529\" data-is-last-node=\"\" data-is-only-node=\"\"><a href=\"https:\/\/bancas.ase.ro\/index.php\/resurse-utile\/carte-am\/\" rel=\"attachment wp-att-518\"><img loading=\"lazy\" decoding=\"async\" class=\"alignnone size-medium wp-image-518\" src=\"http:\/\/bancas.ase.ro\/wp-content\/uploads\/2026\/04\/Carte-AM-210x300.png\" alt=\"\" width=\"210\" height=\"300\" srcset=\"http:\/\/bancas.ase.ro\/wp-content\/uploads\/2026\/04\/Carte-AM-210x300.png 210w, http:\/\/bancas.ase.ro\/wp-content\/uploads\/2026\/04\/Carte-AM.png 650w\" sizes=\"auto, (max-width: 210px) 100vw, 210px\" \/><\/a><\/p>\n","protected":false},"excerpt":{"rendered":"<div class=\"mh-excerpt\"><p>Stabilitatea financiar\u0103 \u0219i politica macropruden\u021bial\u0103 O lucrare important\u0103 din biblioteca BANCAS este volumul \u201eStabilitatea financiar\u0103 \u0219i politica macropruden\u021bial\u0103\u201d, semnat de Florian Neagu, Matei Kubinschi \u0219i <a class=\"mh-excerpt-more\" href=\"http:\/\/bancas.ase.ro\/index.php\/resurse-utile\/\" title=\"Resurse utile\">[&#8230;]<\/a><\/p>\n<\/div>","protected":false},"author":6,"featured_media":0,"parent":0,"menu_order":0,"comment_status":"closed","ping_status":"closed","template":"","meta":{"footnotes":""},"class_list":["post-506","page","type-page","status-publish","hentry"],"_links":{"self":[{"href":"http:\/\/bancas.ase.ro\/index.php\/wp-json\/wp\/v2\/pages\/506","targetHints":{"allow":["GET"]}}],"collection":[{"href":"http:\/\/bancas.ase.ro\/index.php\/wp-json\/wp\/v2\/pages"}],"about":[{"href":"http:\/\/bancas.ase.ro\/index.php\/wp-json\/wp\/v2\/types\/page"}],"author":[{"embeddable":true,"href":"http:\/\/bancas.ase.ro\/index.php\/wp-json\/wp\/v2\/users\/6"}],"replies":[{"embeddable":true,"href":"http:\/\/bancas.ase.ro\/index.php\/wp-json\/wp\/v2\/comments?post=506"}],"version-history":[{"count":9,"href":"http:\/\/bancas.ase.ro\/index.php\/wp-json\/wp\/v2\/pages\/506\/revisions"}],"predecessor-version":[{"id":530,"href":"http:\/\/bancas.ase.ro\/index.php\/wp-json\/wp\/v2\/pages\/506\/revisions\/530"}],"wp:attachment":[{"href":"http:\/\/bancas.ase.ro\/index.php\/wp-json\/wp\/v2\/media?parent=506"}],"curies":[{"name":"wp","href":"https:\/\/api.w.org\/{rel}","templated":true}]}}