{"id":426,"date":"2026-01-09T13:49:51","date_gmt":"2026-01-09T13:49:51","guid":{"rendered":"https:\/\/bancas.ase.ro\/?page_id=426"},"modified":"2026-01-14T10:16:25","modified_gmt":"2026-01-14T10:16:25","slug":"proiectele-bancas","status":"publish","type":"page","link":"http:\/\/bancas.ase.ro\/index.php\/proiectele-bancas\/","title":{"rendered":"Proiecte BANCAS"},"content":{"rendered":"\n<p><strong>Concursul BANCAS Banking Challenge<\/strong><\/p>\n<p>BANCAS Banking Challenge este o competi\u021bie academic\u0103 de excelen\u021b\u0103 organizat\u0103 de Facultatea de Finan\u021be, Asigur\u0103ri, B\u0103nci \u0219i Burse de Valori, \u00eempreun\u0103 cu programul de masterat BANCAS \u2013 B\u0103nci Centrale \u0219i Institu\u021bii Financiare, \u00een parteneriat cu Banca Transilvania. Concursul se adreseaz\u0103 studen\u021bilor de la programele de licen\u021b\u0103 din Rom\u00e2nia \u0219i Republica Moldova, oferindu-le oportunitatea de a testa, \u00eentr-un cadru competitiv, cuno\u0219tin\u021bele \u0219i abilit\u0103\u021bile necesare unei cariere \u00een banking.<\/p>\n<p>Competi\u021bia se desf\u0103\u0219oar\u0103 anual, pe parcursul semestrului al doilea, \u0219i presupune participarea \u00een echipe de c\u00e2te cinci studen\u021bi. \u00cen cadrul concursului, participan\u021bii vor rezolva un studiu de caz complex, inspirat din realit\u0103\u021bile actuale ale industriei bancare, av\u00e2nd ca tem\u0103 dezvoltarea sau optimizarea unui produs sau serviciu bancar. Pe parcursul competi\u021biei, echipele beneficiaz\u0103 de mentorat academic \u0219i profesional, asigurat de cadre didactice universitare \u0219i speciali\u0219ti din mediul bancar.<\/p>\n<p>BANCAS Banking Challenge ofer\u0103 un fond consistent de premii, diplome de participare pentru to\u021bi concuren\u021bii, precum \u0219i oportunit\u0103\u021bi de internship pentru membrii echipei c\u00e2\u0219tig\u0103toare. \u00cen plus, to\u021bi participan\u021bii devin eligibili pentru Bursele de merit \u00een banking oferite de programul de masterat BANCAS, \u00een condi\u021biile stabilite de regulamentul de mai jos.<\/p>\n<p><a href=\"http:\/\/bancas.ase.ro\/wp-content\/uploads\/2026\/01\/Regulament-concurs-banking.pdf\">Regulament concurs BANCAS Banking Challenge<\/a><\/p>\n<p>\u00a0<\/p>\n<p><strong>\u00a0Laboratorul de finan\u021be inovative\u00a0<\/strong><\/p>\n<p>Laboratorul de Finan\u021be Inovative este o serie unic\u0103 de seminarii \u00een cadrul materiei Banking Modern, organizat\u0103 \u00een parteneriat cu Raiffeisen Bank, dedicat\u0103 studen\u021bilor pasiona\u021bi de finan\u021be \u0219i tehnologie. Sub ghidarea invita\u021bilor exper\u021bi din mediul de business, participan\u021bii exploreaz\u0103 materia \u00eentr-un mod interactiv, \u00een care teoria se \u00eembin\u0103 cu practica, preg\u0103tindu-i pentru provoc\u0103rile viitorului digital \u00een domeniul financiar.<\/p>\n<p>Programul abordeaz\u0103 subiecte de actualitate, precum securitatea cibernetic\u0103, inteligen\u021ba artificial\u0103 \u0219i monedele digitale. Laboratorul include activit\u0103\u021bi practice \u0219i studii de caz, oferind participan\u021bilor oportunitatea de a-\u0219i dezvolta abilit\u0103\u021bile tehnice \u0219i de a \u00een\u021belege impactul tehnologiilor emergente asupra industriei financiare. Pe l\u00e2ng\u0103 cuno\u0219tin\u021bele dob\u00e2ndite, cei mai implica\u021bi participan\u021bi c\u00e2\u0219tiga \u0219i premii financiare consistente!<\/p>\n<p>\u00a0<\/p>\n<p><strong>Hackaton FinHack<\/strong><\/p>\n<p>Hackathon-ul FinHack este o competi\u021bie dedicat\u0103 studen\u021bilor pasiona\u021bi de finan\u021be, tehnologie \u0219i inovare, organizat\u0103 \u00een parteneriat cu Raiffeisen Bank Rom\u00e2nia. Concursul are loc la finalul Laboratorului de Finan\u021be Inovative \u0219i ofer\u0103 participan\u021bilor oportunitatea de a lucra pe o provocare real\u0103 din domeniul financiar, utiliz\u00e2nd instrumente \u0219i tehnologii moderne prezentate.<\/p>\n<p>Pe parcursul hackathon-ului, echipe de studen\u021bi dezvolt\u0103 solu\u021bii inovatoare, inclusiv Machine Learning, utiliz\u00e2nd date financiare reale. Evenimentul include \u0219i mentorat din partea cadrelor didactice \u0219i exper\u021bi din industria bancar\u0103, precum \u0219i evaluarea proiectelor de c\u0103tre un juriu de speciali\u0219ti, pe criterii de inova\u021bie, aplicabilitate \u0219i impact.<\/p>\n<p>FinHack ofer\u0103 studen\u021bilor nu doar premii financiare, ci \u0219i o experien\u021b\u0103 unic\u0103 \u0219i intens\u0103 de \u00eenv\u0103\u021bare aplicat\u0103, consolid\u00e2nd leg\u0103tura \u00eentre mediul academic \u0219i cel profesional. Prin aceast\u0103 ini\u021biativ\u0103, organizatorii promoveaz\u0103 utilizarea \u0219i integrarea tehnologiilor inovative \u00een domeniul finan\u021belor, \u00eencuraj\u00e2nd genera\u021biile viitoare s\u0103 contribuie la transformarea sectorului financiar.<\/p>\n<p><img loading=\"lazy\" decoding=\"async\" class=\"wp-image-450 aligncenter\" src=\"http:\/\/bancas.ase.ro\/wp-content\/uploads\/2026\/01\/hackathon-300x225.jpg\" alt=\"\" width=\"411\" height=\"308\" srcset=\"http:\/\/bancas.ase.ro\/wp-content\/uploads\/2026\/01\/hackathon-300x225.jpg 300w, http:\/\/bancas.ase.ro\/wp-content\/uploads\/2026\/01\/hackathon-1024x768.jpg 1024w, http:\/\/bancas.ase.ro\/wp-content\/uploads\/2026\/01\/hackathon-768x576.jpg 768w, http:\/\/bancas.ase.ro\/wp-content\/uploads\/2026\/01\/hackathon-678x509.jpg 678w, http:\/\/bancas.ase.ro\/wp-content\/uploads\/2026\/01\/hackathon-326x245.jpg 326w, http:\/\/bancas.ase.ro\/wp-content\/uploads\/2026\/01\/hackathon-80x60.jpg 80w, http:\/\/bancas.ase.ro\/wp-content\/uploads\/2026\/01\/hackathon.jpg 1440w\" sizes=\"auto, (max-width: 411px) 100vw, 411px\" \/><\/p>\n<p>\u00a0<\/p>\n","protected":false},"excerpt":{"rendered":"<div class=\"mh-excerpt\"><p>Concursul BANCAS Banking Challenge BANCAS Banking Challenge este o competi\u021bie academic\u0103 de excelen\u021b\u0103 organizat\u0103 de Facultatea de Finan\u021be, Asigur\u0103ri, B\u0103nci \u0219i Burse de Valori, \u00eempreun\u0103 <a class=\"mh-excerpt-more\" href=\"http:\/\/bancas.ase.ro\/index.php\/proiectele-bancas\/\" title=\"Proiecte BANCAS\">[&#8230;]<\/a><\/p>\n<\/div>","protected":false},"author":6,"featured_media":0,"parent":0,"menu_order":0,"comment_status":"closed","ping_status":"closed","template":"","meta":{"footnotes":""},"class_list":["post-426","page","type-page","status-publish","hentry"],"_links":{"self":[{"href":"http:\/\/bancas.ase.ro\/index.php\/wp-json\/wp\/v2\/pages\/426","targetHints":{"allow":["GET"]}}],"collection":[{"href":"http:\/\/bancas.ase.ro\/index.php\/wp-json\/wp\/v2\/pages"}],"about":[{"href":"http:\/\/bancas.ase.ro\/index.php\/wp-json\/wp\/v2\/types\/page"}],"author":[{"embeddable":true,"href":"http:\/\/bancas.ase.ro\/index.php\/wp-json\/wp\/v2\/users\/6"}],"replies":[{"embeddable":true,"href":"http:\/\/bancas.ase.ro\/index.php\/wp-json\/wp\/v2\/comments?post=426"}],"version-history":[{"count":21,"href":"http:\/\/bancas.ase.ro\/index.php\/wp-json\/wp\/v2\/pages\/426\/revisions"}],"predecessor-version":[{"id":460,"href":"http:\/\/bancas.ase.ro\/index.php\/wp-json\/wp\/v2\/pages\/426\/revisions\/460"}],"wp:attachment":[{"href":"http:\/\/bancas.ase.ro\/index.php\/wp-json\/wp\/v2\/media?parent=426"}],"curies":[{"name":"wp","href":"https:\/\/api.w.org\/{rel}","templated":true}]}}