{"id":399,"date":"2025-10-15T13:00:36","date_gmt":"2025-10-15T13:00:36","guid":{"rendered":"https:\/\/bancas.ase.ro\/?page_id=399"},"modified":"2026-04-27T11:43:16","modified_gmt":"2026-04-27T11:43:16","slug":"bursele-bancas","status":"publish","type":"page","link":"http:\/\/bancas.ase.ro\/index.php\/bursele-bancas\/","title":{"rendered":"Burse BANCAS"},"content":{"rendered":"\n<p data-start=\"213\" data-end=\"452\">\u00cen cadrul programului de masterat\u00a0<strong data-start=\"247\" data-end=\"257\">BANCAS<\/strong>, performan\u021ba este recunoscut\u0103 \u0219i \u00eencurajat\u0103 printr-un sistem generos de\u00a0<strong data-start=\"330\" data-end=\"349\">burse \u0219i premii<\/strong>, acordate de c\u0103tre b\u0103ncile \u0219i firmele de consultan\u021b\u0103 partenere, suplimentar fa\u021b\u0103 de bursele obi\u0219nuite oferite de Academia de Studii Economice din Bucure\u0219ti.<\/p>\n<h3 data-start=\"454\" data-end=\"504\"><strong data-start=\"457\" data-end=\"504\">Burse BANCAS (pentru fiecare an de studiu):<\/strong><\/h3>\n<ul data-start=\"506\" data-end=\"751\">\n<li data-start=\"506\" data-end=\"554\">\n<p data-start=\"508\" data-end=\"554\"><strong data-start=\"511\" data-end=\"535\">O burs\u0103 de excelen\u021b\u0103<\/strong>\u00a0\u2013 2.000 lei\/lun\u0103<\/p>\n<\/li>\n<li data-start=\"555\" data-end=\"608\">\n<p data-start=\"557\" data-end=\"608\"><strong data-start=\"560\" data-end=\"589\">Dou\u0103 burse de performan\u021b\u0103<\/strong>\u00a0\u2013 1.000 lei\/lun\u0103<\/p>\n<\/li>\n<li data-start=\"609\" data-end=\"751\">\n<p data-start=\"611\" data-end=\"751\"><strong data-start=\"613\" data-end=\"633\">O burs\u0103 special\u0103<\/strong>\u00a0\u2013 1.000 lei\/lun\u0103, acordat\u0103 pentru realiz\u0103ri extracurriculare remarcabile (ex: activit\u0103\u021bi sportive, artistice, civice)<\/p>\n<\/li>\n<li data-start=\"609\" data-end=\"751\"><strong>\u0218ase burse de merit \u00een Banking<\/strong>\u00a0&#8211; cu valori cuprinse \u00eentre 3.500 &#8211; 5.000 de lei\/an universitar<\/li>\n<\/ul>\n<p>\u00a0<\/p>\n<h3 data-start=\"306\" data-end=\"335\"><strong data-start=\"313\" data-end=\"335\">Bursa de excelen\u021b\u0103<\/strong><\/h3>\n<p>Bursa de excelen\u021b\u0103 se acord\u0103 studentului cu <strong data-start=\"381\" data-end=\"403\">cea mai mare medie<\/strong> din fiecare an universitar al programului de masterat.<\/p>\n<ul>\n<li data-start=\"337\" data-end=\"460\">Pentru studen\u021bii din <strong data-start=\"483\" data-end=\"493\">anul I<\/strong>, criteriul de acordare este <strong data-start=\"525\" data-end=\"546\">media de admitere<\/strong> \u00een cadrul programului BANCAS.<\/li>\n<li data-start=\"337\" data-end=\"460\">Pentru studen\u021bii din <strong data-start=\"600\" data-end=\"611\">anul II<\/strong>, criteriul de departajare este <strong data-start=\"643\" data-end=\"690\">media de finalizare a primului an de studii <\/strong>\u00een cadrul programului BANCAS.<\/li>\n<\/ul>\n<h3 data-start=\"462\" data-end=\"693\">\u00a0<\/h3>\n<h3 data-start=\"462\" data-end=\"693\"><strong data-start=\"313\" data-end=\"335\">Bursele de performan\u021b\u0103<\/strong><\/h3>\n<p data-start=\"244\" data-end=\"416\">Cele dou\u0103 burse de performan\u021b\u0103 se acord\u0103 <strong data-start=\"285\" data-end=\"344\">studen\u021bilor care ocup\u0103 locurile al doilea \u0219i al treilea<\/strong> \u00een clasamentul fiec\u0103rui an universitar, \u00een func\u021bie de media ob\u021binut\u0103.<\/p>\n<p data-start=\"418\" data-end=\"491\">La fel ca \u00een cazul bursei de excelen\u021b\u0103, criteriul de acordare este:<\/p>\n<ul data-start=\"492\" data-end=\"667\">\n<li data-start=\"492\" data-end=\"580\">\n<p data-start=\"494\" data-end=\"580\"><strong data-start=\"494\" data-end=\"515\">media de admitere<\/strong> \u00een cadrul programului BANCAS, pentru studen\u021bii din <strong data-start=\"567\" data-end=\"577\">anul I<\/strong>;<\/p>\n<\/li>\n<li data-start=\"581\" data-end=\"667\">\n<p data-start=\"583\" data-end=\"667\"><strong data-start=\"583\" data-end=\"630\">media de finalizare a primului an de studii<\/strong> \u00een cadrul programului BANCAS, pentru studen\u021bii din <strong data-start=\"653\" data-end=\"664\">anul II<\/strong>.<\/p>\n<\/li>\n<\/ul>\n<p>\u00a0<\/p>\n<h3 data-start=\"306\" data-end=\"335\"><strong data-start=\"313\" data-end=\"335\">Bursa special\u0103<\/strong><\/h3>\n<p>Spre deosebire de bursele de excelen\u021b\u0103 \u0219i de performan\u021b\u0103, bursa special\u0103 recompenseaz\u0103 <strong data-start=\"372\" data-end=\"417\">realiz\u0103rile extracurriculare remarcabile<\/strong> ale studen\u021bilor din cadrul programului de masterat BANCAS.<\/p>\n<p>Pentru fiecare an de studii se acord\u0103 o burs\u0103 lunar\u0103, destinat\u0103 studentului care s-a eviden\u021biat prin contribu\u021bii excep\u021bionale \u00een domenii precum <strong data-start=\"689\" data-end=\"728\">sportul, arta sau implicarea civic\u0103<\/strong>.<\/p>\n<p>Prin aceast\u0103 burs\u0103, programul <strong data-start=\"763\" data-end=\"773\">BANCAS<\/strong> \u00ee\u0219i reafirm\u0103 angajamentul de a <strong data-start=\"805\" data-end=\"861\">sus\u021bine excelen\u021ba \u00een toate formele ei de manifestare.<\/strong><\/p>\n<p>De-a lungul timpului, bursa special\u0103 a fost acordat\u0103 studen\u021bilor care au <strong data-start=\"1033\" data-end=\"1066\">reprezentat Rom\u00e2nia cu onoare<\/strong> la competi\u021bii interna\u021bionale \u0219i campionate mondiale, devenind exemple autentice de determinare \u0219i inspira\u021bie.<\/p>\n<p>\u00a0<\/p>\n<h3 data-start=\"306\" data-end=\"335\"><strong data-start=\"313\" data-end=\"335\">Bursele de merit \u00een Banking<\/strong><\/h3>\n<p data-start=\"287\" data-end=\"606\"><strong data-start=\"287\" data-end=\"311\">Bursele de merit \u00een Banking<\/strong>\u00a0se acord\u0103 pe baza unei metodologii care evalueaz\u0103 <strong data-start=\"362\" data-end=\"401\">activitatea de cercetare anterioar\u0103<\/strong> a studen\u021bilor BANCAS, precum \u0219i <strong data-start=\"427\" data-end=\"498\">implicarea acestora \u00een proiectele desf\u0103\u0219urate la nivelul facult\u0103\u021bii, <\/strong>precum <em>Clubul de performan\u021b\u0103<\/em>, <em>Laboratorul de finan\u021be inovative<\/em>, <em>Hackathon-ul \u00een banking <\/em>sau Concursul BANCAS Banking Challenge.<\/p>\n<p data-start=\"608\" data-end=\"772\">Mai multe detalii privind modul de calcul al punctajului final \u00een baza c\u0103ruia se acord\u0103 aceste burse pot fi consultate \u00een regulamentul disponibil mai jos.<\/p>\n<p>\u00a0<\/p>\n<p>Pe l\u00e2ng\u0103 burse, programul de masterat <strong data-start=\"1019\" data-end=\"1029\">BANCAS<\/strong> ofer\u0103 <strong data-start=\"1036\" data-end=\"1089\">premii pentru cele mai bune lucr\u0103ri de diserta\u021bie<\/strong> ale studen\u021bilor.<\/p>\n<h3 data-start=\"753\" data-end=\"810\"><strong data-start=\"756\" data-end=\"810\">Premii pentru cele mai bune lucr\u0103ri de diserta\u021bie:<\/strong><\/h3>\n<ul data-start=\"812\" data-end=\"913\">\n<li data-start=\"812\" data-end=\"844\">\n<p data-start=\"814\" data-end=\"844\"><strong data-start=\"817\" data-end=\"830\">Premiul I<\/strong>\u00a0\u2013 5.000 lei<\/p>\n<\/li>\n<li data-start=\"845\" data-end=\"878\">\n<p data-start=\"847\" data-end=\"878\"><strong data-start=\"850\" data-end=\"864\">Premiul II<\/strong>\u00a0\u2013 3.000 lei<\/p>\n<\/li>\n<li data-start=\"879\" data-end=\"913\">\n<p data-start=\"881\" data-end=\"913\"><strong data-start=\"884\" data-end=\"899\">Premiul III<\/strong>\u00a0\u2013 2.000 lei<\/p>\n<\/li>\n<\/ul>\n","protected":false},"excerpt":{"rendered":"<div class=\"mh-excerpt\"><p>\u00cen cadrul programului de masterat\u00a0BANCAS, performan\u021ba este recunoscut\u0103 \u0219i \u00eencurajat\u0103 printr-un sistem generos de\u00a0burse \u0219i premii, acordate de c\u0103tre b\u0103ncile \u0219i firmele de consultan\u021b\u0103 partenere, <a class=\"mh-excerpt-more\" href=\"http:\/\/bancas.ase.ro\/index.php\/bursele-bancas\/\" title=\"Burse BANCAS\">[&#8230;]<\/a><\/p>\n<\/div>","protected":false},"author":6,"featured_media":0,"parent":0,"menu_order":0,"comment_status":"closed","ping_status":"closed","template":"","meta":{"footnotes":""},"class_list":["post-399","page","type-page","status-publish","hentry"],"_links":{"self":[{"href":"http:\/\/bancas.ase.ro\/index.php\/wp-json\/wp\/v2\/pages\/399","targetHints":{"allow":["GET"]}}],"collection":[{"href":"http:\/\/bancas.ase.ro\/index.php\/wp-json\/wp\/v2\/pages"}],"about":[{"href":"http:\/\/bancas.ase.ro\/index.php\/wp-json\/wp\/v2\/types\/page"}],"author":[{"embeddable":true,"href":"http:\/\/bancas.ase.ro\/index.php\/wp-json\/wp\/v2\/users\/6"}],"replies":[{"embeddable":true,"href":"http:\/\/bancas.ase.ro\/index.php\/wp-json\/wp\/v2\/comments?post=399"}],"version-history":[{"count":11,"href":"http:\/\/bancas.ase.ro\/index.php\/wp-json\/wp\/v2\/pages\/399\/revisions"}],"predecessor-version":[{"id":505,"href":"http:\/\/bancas.ase.ro\/index.php\/wp-json\/wp\/v2\/pages\/399\/revisions\/505"}],"wp:attachment":[{"href":"http:\/\/bancas.ase.ro\/index.php\/wp-json\/wp\/v2\/media?parent=399"}],"curies":[{"name":"wp","href":"https:\/\/api.w.org\/{rel}","templated":true}]}}