{"id":31,"date":"2018-06-04T09:23:53","date_gmt":"2018-06-04T09:23:53","guid":{"rendered":"http:\/\/bancas.ase.ro\/?page_id=31"},"modified":"2025-09-29T09:14:08","modified_gmt":"2025-09-29T09:14:08","slug":"pag-1","status":"publish","type":"page","link":"http:\/\/bancas.ase.ro\/index.php\/pag-1\/","title":{"rendered":"Plan de invatamant"},"content":{"rendered":"\n<p>Planurile de \u00eenv\u0103\u0163\u0103m\u00e2nt aferente <strong>promotiei 2025-2026<\/strong> sunt:<\/p>\n\n\n\n<p class=\"has-text-align-left\"><strong>Anul I<\/strong> &#8211; <strong>Semestrul I<\/strong><\/p>\n\n\n\n<ol class=\"wp-block-list\">\n<li>Microeconomie bancar\u0103<\/li>\n\n\n\n<li>Stabilitate financiar\u0103 \u0219i politic\u0103 macropruden\u021bial\u0103<\/li>\n\n\n\n<li>Reglement\u0103ri bancare \u0219i supraveghere macropruden\u021bial\u0103<\/li>\n\n\n\n<li>Managementul rela\u021biilor cu clien\u021bii bancari \u0219i din asigur\u0103ri<\/li>\n\n\n\n<li>Tranzac\u021bii bancare<\/li>\n<\/ol>\n\n\n\n<p><strong>Anul I &#8211; Semestrul II<\/strong><\/p>\n\n\n\n<ol class=\"wp-block-list\">\n<li>Analiza datelor \u0219i econometrie aplicat\u0103<\/li>\n\n\n\n<li>Managementul activelor \u0219i pasivelor bancare<\/li>\n\n\n\n<li>Banking modern<\/li>\n\n\n\n<li>Introducere \u00een Python si Machine Learning<\/li>\n\n\n\n<li>Modelarea cerin\u021belor de capital \u0219i provizionare<\/li>\n<\/ol>\n\n\n\n<p><\/p>\n\n\n\n<p><strong> <\/strong><\/p>\n\n\n\n<p><strong>Anul II &#8211; Semestrul I<\/strong><\/p>\n\n\n\n<ol class=\"wp-block-list\">\n<li>Managementul riscului bancar<\/li>\n\n\n\n<li>Asigur\u0103ri \u0219i managementul riscului<\/li>\n\n\n\n<li>Opera\u021biuni de pia\u021b\u0103 \u0219i administrarea rezervelor interna\u021bionale<\/li>\n\n\n\n<li>Macroeconomie monetar\u0103 \u0219i financiar\u0103<\/li>\n\n\n\n<li>Opera\u021biuni bancare<\/li>\n<\/ol>\n\n\n\n<p><strong>Anul II &#8211; Semestrul II<\/strong><\/p>\n\n\n\n<ol class=\"wp-block-list\">\n<li>Audit intern bancar<\/li>\n\n\n\n<li>Seminar \u0219tiin\u021bific<\/li>\n\n\n\n<li>Etic\u0103 \u0219i integritate academic\u0103<\/li>\n\n\n\n<li>Practic\u0103 de specialitate<\/li>\n\n\n\n<li>Stagiu pentru elaborarea lucr\u0103rii de diserta\u021bie<\/li>\n<\/ol>\n\n\n\n<p><\/p>\n\n\n<p style=\"text-align: justify;\">Pentru orice alte detalii suplimentare, pute\u0163i consulta website-ul Facult\u0103\u0163ii de Finan\u0163e, Asigur\u0103ri, B\u0103nci \u015fi Burse de Valori (<span style=\"color: #3366ff;\"><a style=\"color: #3366ff;\" href=\"http:\/\/fabbv.ase.ro\">www.fabbv.ase.ro<\/a><\/span>) sau ne pute\u0163i contacta la adresa de e-mail <span style=\"color: #3366ff;\"><a style=\"color: #3366ff;\" href=\"mailto:contact@bancas.ase.ro\">contact@bancas.ase.ro<\/a><\/span>.<\/p>","protected":false},"excerpt":{"rendered":"<div class=\"mh-excerpt\"><p>Planurile de \u00eenv\u0103\u0163\u0103m\u00e2nt aferente promotiei 2025-2026 sunt: Anul I &#8211; Semestrul I Anul I &#8211; Semestrul II Anul II &#8211; Semestrul I Anul II &#8211; <a class=\"mh-excerpt-more\" href=\"http:\/\/bancas.ase.ro\/index.php\/pag-1\/\" title=\"Plan de invatamant\">[&#8230;]<\/a><\/p>\n<\/div>","protected":false},"author":1,"featured_media":0,"parent":0,"menu_order":0,"comment_status":"closed","ping_status":"closed","template":"","meta":{"footnotes":""},"class_list":["post-31","page","type-page","status-publish","hentry"],"_links":{"self":[{"href":"http:\/\/bancas.ase.ro\/index.php\/wp-json\/wp\/v2\/pages\/31","targetHints":{"allow":["GET"]}}],"collection":[{"href":"http:\/\/bancas.ase.ro\/index.php\/wp-json\/wp\/v2\/pages"}],"about":[{"href":"http:\/\/bancas.ase.ro\/index.php\/wp-json\/wp\/v2\/types\/page"}],"author":[{"embeddable":true,"href":"http:\/\/bancas.ase.ro\/index.php\/wp-json\/wp\/v2\/users\/1"}],"replies":[{"embeddable":true,"href":"http:\/\/bancas.ase.ro\/index.php\/wp-json\/wp\/v2\/comments?post=31"}],"version-history":[{"count":35,"href":"http:\/\/bancas.ase.ro\/index.php\/wp-json\/wp\/v2\/pages\/31\/revisions"}],"predecessor-version":[{"id":397,"href":"http:\/\/bancas.ase.ro\/index.php\/wp-json\/wp\/v2\/pages\/31\/revisions\/397"}],"wp:attachment":[{"href":"http:\/\/bancas.ase.ro\/index.php\/wp-json\/wp\/v2\/media?parent=31"}],"curies":[{"name":"wp","href":"https:\/\/api.w.org\/{rel}","templated":true}]}}