{"id":2,"date":"2018-02-14T11:19:54","date_gmt":"2018-02-14T11:19:54","guid":{"rendered":"http:\/\/bancas.ase.ro\/?page_id=2"},"modified":"2026-03-20T12:13:01","modified_gmt":"2026-03-20T12:13:01","slug":"pagina-exemplu","status":"publish","type":"page","link":"http:\/\/bancas.ase.ro\/","title":{"rendered":"Despre BANCAS"},"content":{"rendered":"<p data-start=\"272\" data-end=\"653\">Programul de masterat <strong data-start=\"294\" data-end=\"304\">BANCAS<\/strong> este conceput pentru a forma profesioni\u0219ti preg\u0103ti\u021bi s\u0103 fac\u0103 fa\u021b\u0103 provoc\u0103rilor reale din domeniul financiar. \u00ce\u021bi oferim o combina\u021bie echilibrat\u0103 de <strong data-start=\"450\" data-end=\"481\">cuno\u0219tin\u021be teoretice solide<\/strong> \u0219i <strong data-start=\"485\" data-end=\"518\">competen\u021be practice relevante<\/strong>, astfel \u00eenc\u00e2t, la finalul studiilor, s\u0103 fii nu doar bine preg\u0103tit, ci \u0219i <strong data-start=\"592\" data-end=\"616\">c\u0103utat de angajatori<\/strong> \u0219i u\u0219or de integrat \u00een pia\u021ba muncii.<\/p>\n<p data-start=\"272\" data-end=\"653\"><a href=\"https:\/\/bancas.ase.ro\/index.php\/testimoniale\/\">Alf\u0103 ce spun studen\u021bii no\u0219tri despre BANCAS<\/a>.<\/p>\n<h3 data-start=\"655\" data-end=\"678\">\ud83c\udf93Ce face BANCAS diferit?<\/h3>\n<p data-start=\"680\" data-end=\"1026\">\u2714\ufe0f \u00cembin\u0103 <strong data-start=\"690\" data-end=\"761\">experien\u021ba practic\u0103 a speciali\u0219tilor din Banca Na\u021bional\u0103 a Rom\u00e2niei<\/strong> \u0219i a <strong>exper\u021bilor de top din mediul de afaceri<\/strong> cu <strong data-start=\"765\" data-end=\"807\">expertiza academic\u0103 a profesorilor ASE<\/strong><br data-start=\"807\" data-end=\"810\" \/>\u2714\ufe0f Pune accent pe <strong data-start=\"828\" data-end=\"850\">aplica\u021bii concrete<\/strong>, studii de caz \u0219i simul\u0103ri inspirate din realitatea economic\u0103<br data-start=\"912\" data-end=\"915\" \/>\u2714\ufe0f Este alegerea ideal\u0103 pentru cei care doresc s\u0103 aprofundeze domeniul financiar \u2013 <strong>de la b\u0103nci \u0219i IFN-uri p\u00e2n\u0103 la fintech<\/strong> \u2013 dintr-o perspectiv\u0103 actual\u0103 \u0219i aplicat\u0103<\/p>\n<h3 data-start=\"528\" data-end=\"561\">\ud83d\udcd8 <strong data-start=\"531\" data-end=\"561\">Ce competen\u021be vei dob\u00e2ndi?<\/strong><\/h3>\n<p data-start=\"563\" data-end=\"1357\">\u2714\ufe0f \u00cen\u021belegerea multidisciplinar\u0103 a teoriilor \u0219i metodologiilor specifice domeniului financiar \u0219i integrarea acestora \u00eentr-un cadru logic \u0219i aplicat<br data-start=\"707\" data-end=\"710\" \/>\u2714\ufe0f Abilit\u0103\u021bi de analiz\u0103 \u0219i evaluare a opera\u021biunilor financiare, utiliz\u00e2nd instrumente cantitative moderne<br data-start=\"812\" data-end=\"815\" \/>\u2714\ufe0f Capacitatea de a evalua activitatea institu\u021biilor financiare \u0219i a b\u0103ncilor centrale \u00een context interna\u021bional<br data-start=\"925\" data-end=\"928\" \/>\u2714\ufe0f Redactarea de sinteze, rapoarte, proiecte \u0219i studii necesare procesului decizional \u00een institu\u021biile financiare<br data-start=\"1040\" data-end=\"1043\" \/>\u2714\ufe0f Dezvoltarea strategiilor \u0219i proiectelor opera\u021bionale, pe baza cuno\u0219tin\u021belor \u0219i abilit\u0103\u021bilor practice dob\u00e2ndite<br data-start=\"1156\" data-end=\"1159\" \/>\u2714\ufe0f Aptitudini pentru luarea deciziilor strategice \u00een medii financiare complexe<br data-start=\"1237\" data-end=\"1240\" \/>\u2714\ufe0f G\u00e2ndire critic\u0103 \u0219i solu\u021bionarea eficient\u0103 a situa\u021biilor dificile, cu ajutorul unor instrumente analitice riguroase<\/p>\n<h3 data-start=\"1359\" data-end=\"1392\">\ud83c\udfaf <strong data-start=\"1362\" data-end=\"1392\">Cui i se adreseaz\u0103 BANCAS?<\/strong><\/h3>\n<p data-start=\"1394\" data-end=\"1845\">\u2714\ufe0f Studen\u021bilor afla\u021bi \u00een ultimul an de licen\u021b\u0103 care vor s\u0103 continue studiile \u00eentr-un program de masterat aplicat, axat pe domeniul financiar \u0219i activitatea b\u0103ncilor centrale<br data-start=\"1564\" data-end=\"1567\" \/>\u2714\ufe0f\u00a0Absolven\u021bilor de licen\u021b\u0103 din domeniul economic, dar \u0219i celor cu formare \u00een drept, matematic\u0103, inginerie, IT sau alte specializ\u0103ri relevante<br data-start=\"1709\" data-end=\"1712\" \/>\u2714\ufe0f\u00a0Profesioni\u0219tilor care lucreaz\u0103 deja \u00een sistemul financiar \u0219i care doresc s\u0103 \u00ee\u0219i consolideze cuno\u0219tin\u021bele \u0219i s\u0103 avanseze \u00een carier\u0103<\/p>\n<p data-start=\"213\" data-end=\"452\">\u00cen cadrul programului de masterat <strong data-start=\"247\" data-end=\"257\">BANCAS<\/strong>, performan\u021ba este recunoscut\u0103 \u0219i \u00eencurajat\u0103 printr-un sistem generos de <strong data-start=\"330\" data-end=\"349\">burse \u0219i premii<\/strong>, acordate de c\u0103tre b\u0103ncile \u0219i firmele de consultan\u021b\u0103 partenere, suplimentar fa\u021b\u0103 de bursele obi\u0219nuite oferite de Academia de Studii Economice din Bucure\u0219ti.<\/p>\n<h3 data-start=\"454\" data-end=\"504\">\ud83d\udcb0 <strong data-start=\"457\" data-end=\"504\">Burse BANCAS (pentru fiecare an de studiu):<\/strong><\/h3>\n<ul data-start=\"506\" data-end=\"751\">\n<li data-start=\"506\" data-end=\"554\">\n<p data-start=\"508\" data-end=\"554\">\ud83e\udd47 <strong data-start=\"511\" data-end=\"535\">O burs\u0103 de excelen\u021b\u0103<\/strong> \u2013 2.000 lei\/lun\u0103<\/p>\n<\/li>\n<li data-start=\"555\" data-end=\"608\">\n<p data-start=\"557\" data-end=\"608\">\ud83e\udd48 <strong data-start=\"560\" data-end=\"589\">Dou\u0103 burse de performan\u021b\u0103<\/strong> \u2013 1.000 lei\/lun\u0103<\/p>\n<\/li>\n<li data-start=\"609\" data-end=\"751\">\n<p data-start=\"611\" data-end=\"751\">\u2b50 <strong data-start=\"613\" data-end=\"633\">O burs\u0103 special\u0103<\/strong> \u2013 1.000 lei\/lun\u0103, acordat\u0103 pentru realiz\u0103ri extracurriculare remarcabile (ex: activit\u0103\u021bi sportive, artistice, civice)<\/p>\n<\/li>\n<\/ul>\n<h3 data-start=\"753\" data-end=\"810\"><strong data-start=\"756\" data-end=\"810\">\ud83d\udcc4 Premii pentru cele mai bune lucr\u0103ri de diserta\u021bie:<\/strong><\/h3>\n<ul data-start=\"812\" data-end=\"913\">\n<li data-start=\"812\" data-end=\"844\">\n<p data-start=\"814\" data-end=\"844\"><strong data-start=\"817\" data-end=\"830\">\ud83e\udd47Premiul I<\/strong> \u2013 5.000 lei<\/p>\n<\/li>\n<li data-start=\"845\" data-end=\"878\">\n<p data-start=\"847\" data-end=\"878\">\ud83e\udd48 <strong data-start=\"850\" data-end=\"864\">Premiul II<\/strong> \u2013 3.000 lei<\/p>\n<\/li>\n<li data-start=\"879\" data-end=\"913\">\n<p data-start=\"881\" data-end=\"913\">\ud83e\udd49 <strong data-start=\"884\" data-end=\"899\">Premiul III<\/strong> \u2013 2.000 lei<\/p>\n<\/li>\n<\/ul>\n<p data-start=\"915\" data-end=\"1090\">Prin aceste burse \u0219i premii, <strong data-start=\"944\" data-end=\"954\">BANCAS<\/strong> nu doar formeaz\u0103 profesioni\u0219ti, ci \u0219i <strong data-start=\"993\" data-end=\"1051\">recompenseaz\u0103 excelen\u021ba academic\u0103 \u0219i implicarea activ\u0103<\/strong> \u00een via\u021ba universitar\u0103 \u0219i profesional\u0103.<\/p>\n<p data-start=\"915\" data-end=\"1090\"><strong data-start=\"104\" data-end=\"258\">An de an, studen\u021bii programului de masterat BANCAS sunt premia\u021bi pentru excelen\u021b\u0103 academic\u0103 \u00een cadrul conferin\u021belor BNR\u2013ASE, <\/strong>mai jos reg\u0103si\u021bi c\u00e2teva imagini de la edi\u021biile recente ale acestui eveniment de prestigiu.<\/p>\n\n\n<ul style=\"list-style-type: square;\">\n<li>Conferin\u021ba anual\u0103 BNR-ASE 2025 cu titlul <span style=\"color: #000000;\"><a style=\"color: #000000;\" href=\"https:\/\/www.youtube.com\/watch?v=rhO0cl6aRNQ\"><span style=\"color: #993300;\"><em><strong>Ancore strategice pentru dezvoltarea sectorului bancar <\/strong><strong>\u00een noul context global<\/strong><\/em><\/span>\u00a0<\/a><\/span><\/li>\n<\/ul>\n<p><img loading=\"lazy\" decoding=\"async\" class=\"alignnone  wp-image-308\" src=\"http:\/\/bancas.ase.ro\/wp-content\/uploads\/2025\/06\/DSC_0892-300x175.jpg\" alt=\"\" width=\"500\" height=\"292\" srcset=\"http:\/\/bancas.ase.ro\/wp-content\/uploads\/2025\/06\/DSC_0892-300x175.jpg 300w, http:\/\/bancas.ase.ro\/wp-content\/uploads\/2025\/06\/DSC_0892-1024x598.jpg 1024w, http:\/\/bancas.ase.ro\/wp-content\/uploads\/2025\/06\/DSC_0892-768x449.jpg 768w, http:\/\/bancas.ase.ro\/wp-content\/uploads\/2025\/06\/DSC_0892-1536x897.jpg 1536w, http:\/\/bancas.ase.ro\/wp-content\/uploads\/2025\/06\/DSC_0892-2048x1197.jpg 2048w\" sizes=\"auto, (max-width: 500px) 100vw, 500px\" \/><\/p>\n<ul style=\"list-style-type: square;\">\n<li>Conferin\u021ba anual\u0103 BNR-ASE 2024 cu titlul <a href=\"https:\/\/www.youtube.com\/watch?v=Oo0Phz0cApw\"><em><strong style=\"font-size: revert; color: initial;\"><span style=\"color: #993300;\">Perspective privind dezvoltarea sectorului bancar rom\u00e2nesc<\/span><\/strong><\/em><\/a><\/li>\n<\/ul>\n<p><img loading=\"lazy\" decoding=\"async\" class=\"alignnone  wp-image-261\" src=\"http:\/\/bancas.ase.ro\/wp-content\/uploads\/2024\/05\/foto-premiere-conferinta-BNR-ASE-300x180.jpg\" alt=\"\" width=\"495\" height=\"297\" srcset=\"http:\/\/bancas.ase.ro\/wp-content\/uploads\/2024\/05\/foto-premiere-conferinta-BNR-ASE-300x180.jpg 300w, http:\/\/bancas.ase.ro\/wp-content\/uploads\/2024\/05\/foto-premiere-conferinta-BNR-ASE-1024x614.jpg 1024w, http:\/\/bancas.ase.ro\/wp-content\/uploads\/2024\/05\/foto-premiere-conferinta-BNR-ASE-768x461.jpg 768w, http:\/\/bancas.ase.ro\/wp-content\/uploads\/2024\/05\/foto-premiere-conferinta-BNR-ASE-1536x922.jpg 1536w, http:\/\/bancas.ase.ro\/wp-content\/uploads\/2024\/05\/foto-premiere-conferinta-BNR-ASE-2048x1229.jpg 2048w\" sizes=\"auto, (max-width: 495px) 100vw, 495px\" \/><\/p>\n<ul style=\"list-style-type: square;\">\n<li>Conferin\u021ba anual\u0103 BNR-ASE 2023 cu titlul <a href=\"https:\/\/www.youtube.com\/watch?v=D_y79oNN6sM\"><em><strong><span style=\"color: #993300;\">Navig\u00e2nd printre crize suprapuse<\/span><\/strong><\/em><\/a><\/li>\n<\/ul>\n<p><img loading=\"lazy\" decoding=\"async\" class=\"wp-image-230\" src=\"https:\/\/bancas.ase.ro\/wp-content\/uploads\/2023\/05\/25.04.2023-Conferinta-anuala-BNR-ASE-premiere-studenti-2-1-1024x637.jpg\" alt=\"\" width=\"501\" height=\"312\" srcset=\"http:\/\/bancas.ase.ro\/wp-content\/uploads\/2023\/05\/25.04.2023-Conferinta-anuala-BNR-ASE-premiere-studenti-2-1-1024x637.jpg 1024w, http:\/\/bancas.ase.ro\/wp-content\/uploads\/2023\/05\/25.04.2023-Conferinta-anuala-BNR-ASE-premiere-studenti-2-1-300x187.jpg 300w, http:\/\/bancas.ase.ro\/wp-content\/uploads\/2023\/05\/25.04.2023-Conferinta-anuala-BNR-ASE-premiere-studenti-2-1-768x478.jpg 768w, http:\/\/bancas.ase.ro\/wp-content\/uploads\/2023\/05\/25.04.2023-Conferinta-anuala-BNR-ASE-premiere-studenti-2-1.jpg 1280w\" sizes=\"auto, (max-width: 501px) 100vw, 501px\" \/><\/p>\n<p>\u00a0<\/p>\n<p>Guvernatorul BNR <strong>Mugur Is\u0103rescu<\/strong> despre programul de master <strong>BANCAS<\/strong><\/p>\n<p><img loading=\"lazy\" decoding=\"async\" class=\"alignnone  wp-image-264\" src=\"http:\/\/bancas.ase.ro\/wp-content\/uploads\/2024\/05\/foto-mugur-isarescu-300x225.jpg\" alt=\"Guvernator Mugur Is\u0103rescu despre programul de master BANCAS \u201dProgramul BANCAS poate deveni un produs de top al ASE, ni\u0219a de expertiz\u0103 fiind aceea de banking aplicat. \u00cen cadrul acestui program, printre lectori se num\u0103r\u0103 colegii din BNR, de la Direc\u021bia stabilitate financiar\u0103, Direc\u021bia reglementare \u0219i autorizare, Direc\u021bia rezolu\u021bie bancar\u0103, Direc\u021bia opera\u021biuni de pia\u021b\u0103, Direc\u021bia monitorizarea infrastructurilor pie\u021bei financiare \u0219i a pl\u0103\u021bilor \u0219i Direc\u021bia supraveghere. Speciali\u0219ti \u0219i conduc\u0103tori de b\u0103nci sunt invita\u021bi s\u0103 conferen\u021bieze pe diverse subiecte. [\u2026] Scopul este \u0219i de a construi aici, \u00een Rom\u00e2nia, o alternativ\u0103 viabil\u0103 pentru cei care se g\u00e2ndesc s\u0103 studieze \u00een str\u0103in\u0103tate domeniul bancar \u0219i financiar. \u0218i care ulterior s\u0103 aplice cele \u00eenv\u0103\u021bate, cu c\u00e2t mai mult\u0103 pricepere \u0219i d\u0103ruire!\u201d\" width=\"220\" height=\"165\" srcset=\"http:\/\/bancas.ase.ro\/wp-content\/uploads\/2024\/05\/foto-mugur-isarescu-300x225.jpg 300w, http:\/\/bancas.ase.ro\/wp-content\/uploads\/2024\/05\/foto-mugur-isarescu-326x245.jpg 326w, http:\/\/bancas.ase.ro\/wp-content\/uploads\/2024\/05\/foto-mugur-isarescu-80x60.jpg 80w, http:\/\/bancas.ase.ro\/wp-content\/uploads\/2024\/05\/foto-mugur-isarescu.jpg 640w\" sizes=\"auto, (max-width: 220px) 100vw, 220px\" \/><\/p>\n<p><span style=\"color: #993300;\"><em>&#8220;Dup\u0103 patru ani universitari parcur\u0219i \u00eempreun\u0103 \u00een cadrul acestui parteneriat BNR-ASE, rezultatele ob\u021binute \u00eencep s\u0103 se vad\u0103. Avem exemple, inclusiv \u00een aceast\u0103 sal\u0103, de studen\u021bi sau absolven\u021bi ai programului de masterat realizat \u00een parteneriat BNR-ASE \u201dB\u0103nci centrale \u0219i institu\u021bii financiare \u2013 BANCAS\u201d care au devenit angaja\u021bi ai B\u0103ncii Na\u021bionale a Rom\u00e2niei sau care s-au orientat c\u0103tre sectorul bancar. Credem c\u0103 at\u00e2t disciplinele de baz\u0103 existente \u00een cadrul programului de master, c\u00e2t \u0219i disciplinele nou introduse \u00een planul de \u00eenv\u0103\u021b\u0103m\u00e2nt, cum ar fi Stabilitate financiar\u0103 \u0219i politic\u0103 macropruden\u021bial\u0103, Administrarea rezervelor interna\u021bionale, Banking modern sau Introducere \u00een Python \u0219i Machine Learning, au ajutat studen\u021bii s\u0103 fie mai competitivi pe pia\u021ba muncii, iar angajatorii s\u0103 beneficieze de personal cu expertiz\u0103 adecvat\u0103 schimb\u0103rilor din societate&#8221;<\/em><\/span><\/p>\n<p><span style=\"color: #993300;\">\u201d<em>Programul BANCAS poate deveni un produs de top al ASE, ni\u0219a de expertiz\u0103 fiind aceea de banking aplicat. \u00cen cadrul acestui program, printre lectori se num\u0103r\u0103 colegii din BNR, de la Direc\u021bia stabilitate financiar\u0103, Direc\u021bia reglementare \u0219i autorizare, Direc\u021bia rezolu\u021bie bancar\u0103, Direc\u021bia opera\u021biuni de pia\u021b\u0103, Direc\u021bia monitorizarea infrastructurilor pie\u021bei financiare \u0219i a pl\u0103\u021bilor \u0219i Direc\u021bia supraveghere. Speciali\u0219ti \u0219i conduc\u0103tori de b\u0103nci sunt invita\u021bi s\u0103 conferen\u021bieze pe diverse subiecte. [\u2026] Scopul este \u0219i de a construi aici, \u00een Rom\u00e2nia, o alternativ\u0103 viabil\u0103 pentru cei care se g\u00e2ndesc s\u0103 studieze \u00een str\u0103in\u0103tate domeniul bancar \u0219i financiar. \u0218i care ulterior s\u0103 aplice cele \u00eenv\u0103\u021bate, cu c\u00e2t mai mult\u0103 pricepere \u0219i d\u0103ruire!<\/em>\u201d<\/span><\/p>\n<p>\u00a0<\/p>\n\n\n\n<figure class=\"wp-block-gallery has-nested-images columns-default is-cropped wp-block-gallery-1 is-layout-flex wp-block-gallery-is-layout-flex\"><\/figure>\n","protected":false},"excerpt":{"rendered":"<div class=\"mh-excerpt\"><p>Programul de masterat BANCAS este conceput pentru a forma profesioni\u0219ti preg\u0103ti\u021bi s\u0103 fac\u0103 fa\u021b\u0103 provoc\u0103rilor reale din domeniul financiar. \u00ce\u021bi oferim o combina\u021bie echilibrat\u0103 de <a class=\"mh-excerpt-more\" href=\"http:\/\/bancas.ase.ro\/\" title=\"Despre BANCAS\">[&#8230;]<\/a><\/p>\n<\/div>","protected":false},"author":1,"featured_media":0,"parent":0,"menu_order":0,"comment_status":"closed","ping_status":"open","template":"","meta":{"footnotes":""},"class_list":["post-2","page","type-page","status-publish","hentry"],"_links":{"self":[{"href":"http:\/\/bancas.ase.ro\/index.php\/wp-json\/wp\/v2\/pages\/2","targetHints":{"allow":["GET"]}}],"collection":[{"href":"http:\/\/bancas.ase.ro\/index.php\/wp-json\/wp\/v2\/pages"}],"about":[{"href":"http:\/\/bancas.ase.ro\/index.php\/wp-json\/wp\/v2\/types\/page"}],"author":[{"embeddable":true,"href":"http:\/\/bancas.ase.ro\/index.php\/wp-json\/wp\/v2\/users\/1"}],"replies":[{"embeddable":true,"href":"http:\/\/bancas.ase.ro\/index.php\/wp-json\/wp\/v2\/comments?post=2"}],"version-history":[{"count":49,"href":"http:\/\/bancas.ase.ro\/index.php\/wp-json\/wp\/v2\/pages\/2\/revisions"}],"predecessor-version":[{"id":495,"href":"http:\/\/bancas.ase.ro\/index.php\/wp-json\/wp\/v2\/pages\/2\/revisions\/495"}],"wp:attachment":[{"href":"http:\/\/bancas.ase.ro\/index.php\/wp-json\/wp\/v2\/media?parent=2"}],"curies":[{"name":"wp","href":"https:\/\/api.w.org\/{rel}","templated":true}]}}