{"id":190,"date":"2022-06-28T11:45:41","date_gmt":"2022-06-28T11:45:41","guid":{"rendered":"http:\/\/bancas.ase.ro\/?page_id=190"},"modified":"2025-06-12T13:19:59","modified_gmt":"2025-06-12T13:19:59","slug":"partener-bnr","status":"publish","type":"page","link":"http:\/\/bancas.ase.ro\/index.php\/partener-bnr\/","title":{"rendered":"Parteneriat BNR"},"content":{"rendered":"\n<p>\u00a0<\/p>\n<h4 class=\"articleTitle h1\"><a href=\"https:\/\/www.zf.ro\/banci-si-asigurari\/florian-neagu-bnr-banca-nationala-si-ase-lanseaza-un-program-de-20898275\">Banca Na\u0163ional\u0103 \u015fi ASE au lansat un program de master cu specializare \u00een activitatea b\u0103ncilor centrale<\/a><\/h4>\n<p>La 1 decembrie 2021, Academia de Studii Economice din Bucure\u0219ti \u0219i Banca Na\u021bional\u0103 a Rom\u00e2niei au semnat un protocol prin care \u00ee\u0219i unesc eforturile \u00een vederea impulsion\u0103rii cercet\u0103rii \u0219i performan\u021bei academice \u00een domeniul monetar-bancar. Printre obiectivele acestui protocol se num\u0103r\u0103 \u0219i ini\u021bierea unui program de masterat cu specializare \u00een activitatea b\u0103ncilor centrale, \u00een cadrul FABBV, similar programelor implementate la nivel european de alte b\u0103nci centrale. Acest master se nume\u015fte BANCAS.<\/p>\n<p>BANCAS are ca scop s\u0103 ofere celor interesa\u0163i \u00een aprofundarea domeniul bancar o alt\u0103 perspectiv\u0103 de \u00eenv\u0103\u0163are, prin aducerea sub aceea\u015fi cupol\u0103 a experien\u0163ei \u015fi a cuno\u015ftin\u0163elor lectorilor din BNR cu expertiza academic\u0103 a corpului profesoral din ASE, totul \u00eentr-o manier\u0103 c\u00e2t mai aplicat\u0103.<\/p>\n<p>\u00a0<\/p>\n<h4><strong>Rolul BNR \u00een curricula BANCAS<\/strong><\/h4>\n<p>BNR este prezent\u0103 \u00een programul de master BANCAS pe \u015fase domenii cheie:<\/p>\n<ol>\n<li data-start=\"139\" data-end=\"430\">\n<p data-start=\"141\" data-end=\"430\"><strong data-start=\"141\" data-end=\"196\">Stabilitate financiar\u0103 \u0219i politic\u0103 macropruden\u021bial\u0103<\/strong> \u2013 Acest curs explic\u0103 rolul tot mai important al m\u0103surilor macropruden\u021biale \u00een men\u021binerea stabilit\u0103\u021bii sistemului financiar, mai ales dup\u0103 criza din 2008. Vei \u00eenv\u0103\u021ba despre obiectivele \u0219i instrumentele utilizate, vei calcula amortizoare de capital pentru b\u0103ncile sistemice din Rom\u00e2nia \u0219i vei rula teste de stres folosind modele similare celor de la BNR, pentru solvabilitate \u0219i lichiditate.<\/p>\n<\/li>\n<li data-start=\"432\" data-end=\"645\">\n<p data-start=\"434\" data-end=\"645\"><strong data-start=\"434\" data-end=\"467\">Supraveghere micropruden\u021bial\u0103<\/strong> \u2013 \u00cen cadrul acestui curs vei \u00een\u021belege cum supravegherea b\u0103ncilor asigur\u0103 soliditatea \u0219i buna func\u021bionare a acestora.<\/p>\n<\/li>\n<li data-start=\"647\" data-end=\"881\">\n<p data-start=\"649\" data-end=\"881\"><strong data-start=\"649\" data-end=\"673\">Reglementare bancar\u0103<\/strong> \u2013 Masteranzii vor explora \u00een profunzime reglement\u0103rile legate de capital, riscurile bancare (credit, contrapartid\u0103, lichiditate, pia\u021b\u0103, concentrare), \u0219i vor aborda provoc\u0103rile reglement\u0103rii \u00een era digital\u0103. Cursul este coordonat de doamna Mirela Dima, director BNR cu doctorat \u00een \u0219tiin\u021be economice.<\/p>\n<\/li>\n<li data-start=\"883\" data-end=\"1100\">\n<p data-start=\"885\" data-end=\"1100\"><strong data-start=\"885\" data-end=\"906\">Rezolu\u021bie bancar\u0103<\/strong> \u2013 Acest domeniu nou \u0219i tot mai important vizeaz\u0103 procedurile de salvare \u0219i restructurare a b\u0103ncilor aflate \u00een dificultate, pentru a men\u021bine stabilitatea financiar\u0103. Lector este Emil Vonvea, directorul Direc\u021biei Rezolu\u021bie Bancar\u0103 din BNR, cu experien\u021b\u0103 solid\u0103 \u00een planificarea \u0219i aplicarea strategiilor de rezolu\u021bie.<\/p>\n<\/li>\n<li data-start=\"1102\" data-end=\"1373\">\n<p data-start=\"1104\" data-end=\"1373\"><strong data-start=\"1104\" data-end=\"1174\">Opera\u021biuni interbancare \u0219i administrarea rezervelor interna\u021bionale<\/strong> \u2013 \u00cen cadrul acestui curs vei \u00eenv\u0103\u021ba cum se desf\u0103\u0219oar\u0103 tranzac\u021biile pe pia\u021ba monetar\u0103 \u0219i valutar\u0103 \u00eentre BNR \u0219i b\u0103nci, \u0219i cum sunt gestionate rezervele interna\u021bionale ale \u021b\u0103rii, cu impact asupra cursului de schimb \u0219i ratelor dob\u00e2nzilor. Cursul este coordonat de Ionu\u021b \u0218erban, \u0219ef serviciu BNR.<\/p>\n<\/li>\n<li data-start=\"1375\" data-end=\"1604\">\n<p data-start=\"1377\" data-end=\"1604\"><strong data-start=\"1377\" data-end=\"1427\">Modelarea cerin\u021belor de capital \u0219i provizioane<\/strong> \u2013 Un curs dedicat dezvolt\u0103rii expertizei \u00een modelarea cerin\u021belor de capital \u0219i a provizioanelor, esen\u021bial pentru autorit\u0103\u021bi, b\u0103nci \u0219i firme de consultan\u021b\u0103. Lectorii sunt Florian Neagu, director BNR \u0219i Irina Mihai, economist principal \u00een direc\u021bia de Stabilitate Financiar\u0103 a BNR.<\/p>\n<\/li>\n<\/ol>\n<p>Actualizarea programei cu aceste materii specifice b\u0103ncii centrale se pliaz\u0103 pe cerin\u021bele pentru personalul din direc\u021biile de specialitate din cadrul B\u0103ncii Na\u021bionale a Rom\u00e2niei. Din aceast\u0103 perspectiv\u0103, absolven\u021bii acestui program vor de\u021bine cuno\u0219tin\u021bele de baz\u0103 pentru a putea lucra \u00een cadrul unei b\u0103nci centrale, \u00een direc\u021biile de specialitate men\u021bionate anterior. Totodat\u0103, asimilarea instrumentelor de statistic\u0103 \u0219i modelare pot facilita accesul \u00een cadrul unor pozi\u021bii \u00een domenii conexe ce \u021bin de modelare macroeconomic\u0103 sau politic\u0103 monetar\u0103.<\/p>\n<p>\u00cen planul de \u00eenv\u0103\u021b\u0103m\u00e2nt sunt prezente \u0219i discipline moderne care preg\u0103tesc studen\u021bii pentru noile provoc\u0103ri legate de <strong>instrumentele tehnice \u0219i cantitative<\/strong> cerute de pia\u021ba muncii din domeniu, precum:<\/p>\n<ul>\n<li>Introducere \u00een Python \u0219i <em>Machine Learning<\/em><\/li>\n<li>Modelarea cerin\u021belor de capital \u0219i provizioane<\/li>\n<li>Analiza datelor \u0219i econometrie aplicat\u0103<\/li>\n<\/ul>\n","protected":false},"excerpt":{"rendered":"<div class=\"mh-excerpt\"><p>\u00a0 Banca Na\u0163ional\u0103 \u015fi ASE au lansat un program de master cu specializare \u00een activitatea b\u0103ncilor centrale La 1 decembrie 2021, Academia de Studii Economice <a class=\"mh-excerpt-more\" href=\"http:\/\/bancas.ase.ro\/index.php\/partener-bnr\/\" title=\"Parteneriat BNR\">[&#8230;]<\/a><\/p>\n<\/div>","protected":false},"author":1,"featured_media":0,"parent":0,"menu_order":0,"comment_status":"closed","ping_status":"closed","template":"","meta":{"footnotes":""},"class_list":["post-190","page","type-page","status-publish","hentry"],"_links":{"self":[{"href":"http:\/\/bancas.ase.ro\/index.php\/wp-json\/wp\/v2\/pages\/190","targetHints":{"allow":["GET"]}}],"collection":[{"href":"http:\/\/bancas.ase.ro\/index.php\/wp-json\/wp\/v2\/pages"}],"about":[{"href":"http:\/\/bancas.ase.ro\/index.php\/wp-json\/wp\/v2\/types\/page"}],"author":[{"embeddable":true,"href":"http:\/\/bancas.ase.ro\/index.php\/wp-json\/wp\/v2\/users\/1"}],"replies":[{"embeddable":true,"href":"http:\/\/bancas.ase.ro\/index.php\/wp-json\/wp\/v2\/comments?post=190"}],"version-history":[{"count":18,"href":"http:\/\/bancas.ase.ro\/index.php\/wp-json\/wp\/v2\/pages\/190\/revisions"}],"predecessor-version":[{"id":381,"href":"http:\/\/bancas.ase.ro\/index.php\/wp-json\/wp\/v2\/pages\/190\/revisions\/381"}],"wp:attachment":[{"href":"http:\/\/bancas.ase.ro\/index.php\/wp-json\/wp\/v2\/media?parent=190"}],"curies":[{"name":"wp","href":"https:\/\/api.w.org\/{rel}","templated":true}]}}